{"id":3933,"date":"2022-06-16T17:57:11","date_gmt":"2022-06-16T17:57:11","guid":{"rendered":"https:\/\/bincaffe.it\/assistenza-tecnica\/"},"modified":"2024-05-22T12:55:05","modified_gmt":"2024-05-22T12:55:05","slug":"technischer-support","status":"publish","type":"page","link":"https:\/\/bincaffe.it\/de\/technischer-support\/","title":{"rendered":"Technischer-support"},"content":{"rendered":"\t\t<div data-elementor-type=\"wp-page\" data-elementor-id=\"3933\" class=\"elementor elementor-3933 elementor-2027\" data-elementor-post-type=\"page\">\n\t\t\t\t\t\t<section class=\"elementor-section elementor-top-section elementor-element elementor-element-9132198 elementor-section-height-min-height elementor-section-stretched elementor-section-boxed elementor-section-height-default elementor-section-items-middle\" data-id=\"9132198\" data-element_type=\"section\" data-settings=\"{&quot;stretch_section&quot;:&quot;section-stretched&quot;,&quot;background_background&quot;:&quot;slideshow&quot;,&quot;background_slideshow_gallery&quot;:[{&quot;id&quot;:4888,&quot;url&quot;:&quot;https:\\\/\\\/bincaffe.it\\\/wp-content\\\/uploads\\\/2024\\\/05\\\/H2A26991-scaled.jpg&quot;}],&quot;background_slideshow_loop&quot;:&quot;yes&quot;,&quot;background_slideshow_slide_duration&quot;:5000,&quot;background_slideshow_slide_transition&quot;:&quot;fade&quot;,&quot;background_slideshow_transition_duration&quot;:500}\">\n\t\t\t\t\t\t\t<div class=\"elementor-background-overlay\"><\/div>\n\t\t\t\t\t\t\t<div class=\"elementor-container elementor-column-gap-default\">\n\t\t\t\t\t<div class=\"elementor-column elementor-col-50 elementor-top-column elementor-element elementor-element-077451b\" data-id=\"077451b\" data-element_type=\"column\">\n\t\t\t<div class=\"elementor-widget-wrap elementor-element-populated\">\n\t\t\t\t\t\t<div class=\"elementor-element elementor-element-570ab78 elementor-invisible elementor-widget elementor-widget-heading\" data-id=\"570ab78\" data-element_type=\"widget\" data-settings=\"{&quot;_animation&quot;:&quot;fadeInUp&quot;}\" data-widget_type=\"heading.default\">\n\t\t\t\t<div class=\"elementor-widget-container\">\n\t\t\t\t\t<h2 class=\"elementor-heading-title elementor-size-default\">EIN PR\u00c4ZISER UND P\u00dcNKTLICHER SERVICE\n<\/h2>\t\t\t\t<\/div>\n\t\t\t\t<\/div>\n\t\t\t\t<div class=\"elementor-element elementor-element-b6a7e1c elementor-invisible elementor-widget elementor-widget-text-editor\" data-id=\"b6a7e1c\" data-element_type=\"widget\" data-settings=\"{&quot;_animation&quot;:&quot;fadeInUp&quot;}\" data-widget_type=\"text-editor.default\">\n\t\t\t\t<div class=\"elementor-widget-container\">\n\t\t\t\t\t\t\t\t\t<p class=\"p1\">Unter den absoluten Protagonisten der Kaffeer\u00f6sterei in den Regionen Treviso und Venetien steht die Marke Bin <b>f\u00fcr h\u00f6chste Professionalit\u00e4t in der kostenlosen technischen Unterst\u00fctzung des Kunden<\/b>.<br \/>Probleml\u00f6ser-Fachkr\u00e4fte sind bundesweit unterwegs, um mit mobilen Werkst\u00e4tten <b>schnellstm\u00f6gliche<\/b> Reparaturen an Kaffeemaschinen, M\u00fchlen und Kaffeekannen zu gew\u00e4hrleisten.<br \/>Die gesamte Ausr\u00fcstung der Maschinen wird durch <b>Originalteile und Ersatzteile erster Wahl<\/b> ersetzt, um Versorgungen und spezielle Anforderungen zu erf\u00fcllen.<br \/>Unser Qualit\u00e4tsweg macht seit \u00fcber 60 Jahren den Unterschied.<\/p>\t\t\t\t\t\t\t\t<\/div>\n\t\t\t\t<\/div>\n\t\t\t\t<div class=\"elementor-element elementor-element-bb2f4ec elementor-align-left elementor-invisible elementor-widget elementor-widget-button\" data-id=\"bb2f4ec\" data-element_type=\"widget\" data-settings=\"{&quot;_animation&quot;:&quot;fadeInUp&quot;}\" data-widget_type=\"button.default\">\n\t\t\t\t<div class=\"elementor-widget-container\">\n\t\t\t\t\t\t\t\t\t<div class=\"elementor-button-wrapper\">\n\t\t\t\t\t<a class=\"elementor-button elementor-button-link elementor-size-sm\" href=\"https:\/\/bincaffe.it\/de\/kontakt\/\">\n\t\t\t\t\t\t<span class=\"elementor-button-content-wrapper\">\n\t\t\t\t\t\t<span class=\"elementor-button-icon\">\n\t\t\t\t<i aria-hidden=\"true\" class=\"fas fa-arrow-right\"><\/i>\t\t\t<\/span>\n\t\t\t\t\t\t\t\t\t<span class=\"elementor-button-text\">KONTAKTIEREN SIE UNS<\/span>\n\t\t\t\t\t<\/span>\n\t\t\t\t\t<\/a>\n\t\t\t\t<\/div>\n\t\t\t\t\t\t\t\t<\/div>\n\t\t\t\t<\/div>\n\t\t\t\t\t<\/div>\n\t\t<\/div>\n\t\t\t\t<div class=\"elementor-column elementor-col-50 elementor-top-column elementor-element elementor-element-866cacc\" data-id=\"866cacc\" data-element_type=\"column\">\n\t\t\t<div class=\"elementor-widget-wrap\">\n\t\t\t\t\t\t\t<\/div>\n\t\t<\/div>\n\t\t\t\t\t<\/div>\n\t\t<\/section>\n\t\t\t\t<\/div>\n\t\t","protected":false},"excerpt":{"rendered":"<p>EIN PR\u00c4ZISER UND P\u00dcNKTLICHER SERVICE Unter den absoluten Protagonisten der Kaffeer\u00f6sterei in den Regionen Treviso und Venetien steht die Marke Bin f\u00fcr h\u00f6chste Professionalit\u00e4t in der kostenlosen technischen Unterst\u00fctzung des Kunden.Probleml\u00f6ser-Fachkr\u00e4fte sind bundesweit unterwegs, um mit mobilen Werkst\u00e4tten schnellstm\u00f6gliche Reparaturen an Kaffeemaschinen, M\u00fchlen und Kaffeekannen zu gew\u00e4hrleisten.Die gesamte Ausr\u00fcstung der Maschinen wird durch Originalteile und [&hellip;]<\/p>\n","protected":false},"author":1,"featured_media":3756,"parent":0,"menu_order":0,"comment_status":"closed","ping_status":"closed","template":"elementor_header_footer","meta":{"_uag_custom_page_level_css":"","site-sidebar-layout":"no-sidebar","site-content-layout":"page-builder","ast-site-content-layout":"default","site-content-style":"default","site-sidebar-style":"default","ast-global-header-display":"","ast-banner-title-visibility":"","ast-main-header-display":"","ast-hfb-above-header-display":"","ast-hfb-below-header-display":"","ast-hfb-mobile-header-display":"","site-post-title":"disabled","ast-breadcrumbs-content":"","ast-featured-img":"disabled","footer-sml-layout":"","theme-transparent-header-meta":"","adv-header-id-meta":"","stick-header-meta":"","header-above-stick-meta":"","header-main-stick-meta":"","header-below-stick-meta":"","astra-migrate-meta-layouts":"default","ast-page-background-enabled":"default","ast-page-background-meta":{"desktop":{"background-color":"","background-image":"","background-repeat":"repeat","background-position":"center center","background-size":"auto","background-attachment":"scroll","background-type":"","background-media":"","overlay-type":"","overlay-color":"","overlay-opacity":"","overlay-gradient":""},"tablet":{"background-color":"","background-image":"","background-repeat":"repeat","background-position":"center center","background-size":"auto","background-attachment":"scroll","background-type":"","background-media":"","overlay-type":"","overlay-color":"","overlay-opacity":"","overlay-gradient":""},"mobile":{"background-color":"","background-image":"","background-repeat":"repeat","background-position":"center center","background-size":"auto","background-attachment":"scroll","background-type":"","background-media":"","overlay-type":"","overlay-color":"","overlay-opacity":"","overlay-gradient":""}},"ast-content-background-meta":{"desktop":{"background-color":"var(--ast-global-color-5)","background-image":"","background-repeat":"repeat","background-position":"center center","background-size":"auto","background-attachment":"scroll","background-type":"","background-media":"","overlay-type":"","overlay-color":"","overlay-opacity":"","overlay-gradient":""},"tablet":{"background-color":"var(--ast-global-color-5)","background-image":"","background-repeat":"repeat","background-position":"center center","background-size":"auto","background-attachment":"scroll","background-type":"","background-media":"","overlay-type":"","overlay-color":"","overlay-opacity":"","overlay-gradient":""},"mobile":{"background-color":"var(--ast-global-color-5)","background-image":"","background-repeat":"repeat","background-position":"center center","background-size":"auto","background-attachment":"scroll","background-type":"","background-media":"","overlay-type":"","overlay-color":"","overlay-opacity":"","overlay-gradient":""}},"footnotes":""},"class_list":["post-3933","page","type-page","status-publish","has-post-thumbnail","hentry"],"yoast_head":"<!-- This site is optimized with the Yoast SEO plugin v25.9 - https:\/\/yoast.com\/wordpress\/plugins\/seo\/ -->\n<title>Technischer-support - Bin caff\u00e8<\/title>\n<meta name=\"robots\" content=\"index, follow, max-snippet:-1, max-image-preview:large, max-video-preview:-1\" \/>\n<link rel=\"canonical\" href=\"https:\/\/bincaffe.it\/de\/technischer-support\/\" \/>\n<meta property=\"og:locale\" content=\"de_DE\" \/>\n<meta property=\"og:type\" content=\"article\" \/>\n<meta property=\"og:title\" content=\"Technischer-support - Bin caff\u00e8\" \/>\n<meta property=\"og:description\" content=\"EIN PR\u00c4ZISER UND P\u00dcNKTLICHER SERVICE Unter den absoluten Protagonisten der Kaffeer\u00f6sterei in den Regionen Treviso und Venetien steht die Marke Bin f\u00fcr h\u00f6chste Professionalit\u00e4t in der kostenlosen technischen Unterst\u00fctzung des Kunden.Probleml\u00f6ser-Fachkr\u00e4fte sind bundesweit unterwegs, um mit mobilen Werkst\u00e4tten schnellstm\u00f6gliche Reparaturen an Kaffeemaschinen, M\u00fchlen und Kaffeekannen zu gew\u00e4hrleisten.Die gesamte Ausr\u00fcstung der Maschinen wird durch Originalteile und [&hellip;]\" \/>\n<meta property=\"og:url\" content=\"https:\/\/bincaffe.it\/de\/technischer-support\/\" \/>\n<meta property=\"og:site_name\" content=\"Bin caff\u00e8\" \/>\n<meta property=\"article:modified_time\" content=\"2024-05-22T12:55:05+00:00\" \/>\n<meta property=\"og:image\" content=\"https:\/\/bincaffe.it\/wp-content\/uploads\/2022\/06\/ASSISTENZA-HOME2.jpeg\" \/>\n\t<meta property=\"og:image:width\" content=\"1500\" \/>\n\t<meta property=\"og:image:height\" content=\"949\" \/>\n\t<meta property=\"og:image:type\" content=\"image\/jpeg\" \/>\n<meta name=\"twitter:card\" content=\"summary_large_image\" \/>\n<meta name=\"twitter:label1\" content=\"Gesch\u00e4tzte Lesezeit\" \/>\n\t<meta name=\"twitter:data1\" content=\"1\u00a0Minute\" \/>\n<script type=\"application\/ld+json\" class=\"yoast-schema-graph\">{\"@context\":\"https:\/\/schema.org\",\"@graph\":[{\"@type\":\"WebPage\",\"@id\":\"https:\/\/bincaffe.it\/de\/technischer-support\/\",\"url\":\"https:\/\/bincaffe.it\/de\/technischer-support\/\",\"name\":\"Technischer-support - Bin caff\u00e8\",\"isPartOf\":{\"@id\":\"https:\/\/bincaffe.it\/de\/#website\"},\"primaryImageOfPage\":{\"@id\":\"https:\/\/bincaffe.it\/de\/technischer-support\/#primaryimage\"},\"image\":{\"@id\":\"https:\/\/bincaffe.it\/de\/technischer-support\/#primaryimage\"},\"thumbnailUrl\":\"https:\/\/bincaffe.it\/wp-content\/uploads\/2022\/06\/ASSISTENZA-HOME2.jpeg\",\"datePublished\":\"2022-06-16T17:57:11+00:00\",\"dateModified\":\"2024-05-22T12:55:05+00:00\",\"breadcrumb\":{\"@id\":\"https:\/\/bincaffe.it\/de\/technischer-support\/#breadcrumb\"},\"inLanguage\":\"de\",\"potentialAction\":[{\"@type\":\"ReadAction\",\"target\":[\"https:\/\/bincaffe.it\/de\/technischer-support\/\"]}]},{\"@type\":\"ImageObject\",\"inLanguage\":\"de\",\"@id\":\"https:\/\/bincaffe.it\/de\/technischer-support\/#primaryimage\",\"url\":\"https:\/\/bincaffe.it\/wp-content\/uploads\/2022\/06\/ASSISTENZA-HOME2.jpeg\",\"contentUrl\":\"https:\/\/bincaffe.it\/wp-content\/uploads\/2022\/06\/ASSISTENZA-HOME2.jpeg\",\"width\":1500,\"height\":949},{\"@type\":\"BreadcrumbList\",\"@id\":\"https:\/\/bincaffe.it\/de\/technischer-support\/#breadcrumb\",\"itemListElement\":[{\"@type\":\"ListItem\",\"position\":1,\"name\":\"Home\",\"item\":\"https:\/\/bincaffe.it\/\"},{\"@type\":\"ListItem\",\"position\":2,\"name\":\"Technischer-support\"}]},{\"@type\":\"WebSite\",\"@id\":\"https:\/\/bincaffe.it\/de\/#website\",\"url\":\"https:\/\/bincaffe.it\/de\/\",\"name\":\"Bin caff\u00e8\",\"description\":\"il mio Mondo del Caff\u00e8\",\"publisher\":{\"@id\":\"https:\/\/bincaffe.it\/de\/#organization\"},\"potentialAction\":[{\"@type\":\"SearchAction\",\"target\":{\"@type\":\"EntryPoint\",\"urlTemplate\":\"https:\/\/bincaffe.it\/de\/?s={search_term_string}\"},\"query-input\":{\"@type\":\"PropertyValueSpecification\",\"valueRequired\":true,\"valueName\":\"search_term_string\"}}],\"inLanguage\":\"de\"},{\"@type\":\"Organization\",\"@id\":\"https:\/\/bincaffe.it\/de\/#organization\",\"name\":\"Bin caff\u00e8\",\"url\":\"https:\/\/bincaffe.it\/de\/\",\"logo\":{\"@type\":\"ImageObject\",\"inLanguage\":\"de\",\"@id\":\"https:\/\/bincaffe.it\/de\/#\/schema\/logo\/image\/\",\"url\":\"https:\/\/bincaffe.it\/wp-content\/uploads\/2022\/06\/cropped-foto-profilo-social.jpg\",\"contentUrl\":\"https:\/\/bincaffe.it\/wp-content\/uploads\/2022\/06\/cropped-foto-profilo-social.jpg\",\"width\":512,\"height\":512,\"caption\":\"Bin caff\u00e8\"},\"image\":{\"@id\":\"https:\/\/bincaffe.it\/de\/#\/schema\/logo\/image\/\"}}]}<\/script>\n<!-- \/ Yoast SEO plugin. -->","yoast_head_json":{"title":"Technischer-support - Bin caff\u00e8","robots":{"index":"index","follow":"follow","max-snippet":"max-snippet:-1","max-image-preview":"max-image-preview:large","max-video-preview":"max-video-preview:-1"},"canonical":"https:\/\/bincaffe.it\/de\/technischer-support\/","og_locale":"de_DE","og_type":"article","og_title":"Technischer-support - Bin caff\u00e8","og_description":"EIN PR\u00c4ZISER UND P\u00dcNKTLICHER SERVICE Unter den absoluten Protagonisten der Kaffeer\u00f6sterei in den Regionen Treviso und Venetien steht die Marke Bin f\u00fcr h\u00f6chste Professionalit\u00e4t in der kostenlosen technischen Unterst\u00fctzung des Kunden.Probleml\u00f6ser-Fachkr\u00e4fte sind bundesweit unterwegs, um mit mobilen Werkst\u00e4tten schnellstm\u00f6gliche Reparaturen an Kaffeemaschinen, M\u00fchlen und Kaffeekannen zu gew\u00e4hrleisten.Die gesamte Ausr\u00fcstung der Maschinen wird durch Originalteile und [&hellip;]","og_url":"https:\/\/bincaffe.it\/de\/technischer-support\/","og_site_name":"Bin caff\u00e8","article_modified_time":"2024-05-22T12:55:05+00:00","og_image":[{"width":1500,"height":949,"url":"https:\/\/bincaffe.it\/wp-content\/uploads\/2022\/06\/ASSISTENZA-HOME2.jpeg","type":"image\/jpeg"}],"twitter_card":"summary_large_image","twitter_misc":{"Gesch\u00e4tzte Lesezeit":"1\u00a0Minute"},"schema":{"@context":"https:\/\/schema.org","@graph":[{"@type":"WebPage","@id":"https:\/\/bincaffe.it\/de\/technischer-support\/","url":"https:\/\/bincaffe.it\/de\/technischer-support\/","name":"Technischer-support - Bin caff\u00e8","isPartOf":{"@id":"https:\/\/bincaffe.it\/de\/#website"},"primaryImageOfPage":{"@id":"https:\/\/bincaffe.it\/de\/technischer-support\/#primaryimage"},"image":{"@id":"https:\/\/bincaffe.it\/de\/technischer-support\/#primaryimage"},"thumbnailUrl":"https:\/\/bincaffe.it\/wp-content\/uploads\/2022\/06\/ASSISTENZA-HOME2.jpeg","datePublished":"2022-06-16T17:57:11+00:00","dateModified":"2024-05-22T12:55:05+00:00","breadcrumb":{"@id":"https:\/\/bincaffe.it\/de\/technischer-support\/#breadcrumb"},"inLanguage":"de","potentialAction":[{"@type":"ReadAction","target":["https:\/\/bincaffe.it\/de\/technischer-support\/"]}]},{"@type":"ImageObject","inLanguage":"de","@id":"https:\/\/bincaffe.it\/de\/technischer-support\/#primaryimage","url":"https:\/\/bincaffe.it\/wp-content\/uploads\/2022\/06\/ASSISTENZA-HOME2.jpeg","contentUrl":"https:\/\/bincaffe.it\/wp-content\/uploads\/2022\/06\/ASSISTENZA-HOME2.jpeg","width":1500,"height":949},{"@type":"BreadcrumbList","@id":"https:\/\/bincaffe.it\/de\/technischer-support\/#breadcrumb","itemListElement":[{"@type":"ListItem","position":1,"name":"Home","item":"https:\/\/bincaffe.it\/"},{"@type":"ListItem","position":2,"name":"Technischer-support"}]},{"@type":"WebSite","@id":"https:\/\/bincaffe.it\/de\/#website","url":"https:\/\/bincaffe.it\/de\/","name":"Bin caff\u00e8","description":"il mio Mondo del Caff\u00e8","publisher":{"@id":"https:\/\/bincaffe.it\/de\/#organization"},"potentialAction":[{"@type":"SearchAction","target":{"@type":"EntryPoint","urlTemplate":"https:\/\/bincaffe.it\/de\/?s={search_term_string}"},"query-input":{"@type":"PropertyValueSpecification","valueRequired":true,"valueName":"search_term_string"}}],"inLanguage":"de"},{"@type":"Organization","@id":"https:\/\/bincaffe.it\/de\/#organization","name":"Bin caff\u00e8","url":"https:\/\/bincaffe.it\/de\/","logo":{"@type":"ImageObject","inLanguage":"de","@id":"https:\/\/bincaffe.it\/de\/#\/schema\/logo\/image\/","url":"https:\/\/bincaffe.it\/wp-content\/uploads\/2022\/06\/cropped-foto-profilo-social.jpg","contentUrl":"https:\/\/bincaffe.it\/wp-content\/uploads\/2022\/06\/cropped-foto-profilo-social.jpg","width":512,"height":512,"caption":"Bin caff\u00e8"},"image":{"@id":"https:\/\/bincaffe.it\/de\/#\/schema\/logo\/image\/"}}]}},"uagb_featured_image_src":{"full":["https:\/\/bincaffe.it\/wp-content\/uploads\/2022\/06\/ASSISTENZA-HOME2.jpeg",1500,949,false],"thumbnail":["https:\/\/bincaffe.it\/wp-content\/uploads\/2022\/06\/ASSISTENZA-HOME2-150x150.jpeg",150,150,true],"medium":["https:\/\/bincaffe.it\/wp-content\/uploads\/2022\/06\/ASSISTENZA-HOME2-300x190.jpeg",300,190,true],"medium_large":["https:\/\/bincaffe.it\/wp-content\/uploads\/2022\/06\/ASSISTENZA-HOME2-768x486.jpeg",768,486,true],"large":["https:\/\/bincaffe.it\/wp-content\/uploads\/2022\/06\/ASSISTENZA-HOME2-1024x648.jpeg",1024,648,true],"1536x1536":["https:\/\/bincaffe.it\/wp-content\/uploads\/2022\/06\/ASSISTENZA-HOME2.jpeg",1500,949,false],"2048x2048":["https:\/\/bincaffe.it\/wp-content\/uploads\/2022\/06\/ASSISTENZA-HOME2.jpeg",1500,949,false],"qi_addons_for_elementor_image_size_square":["https:\/\/bincaffe.it\/wp-content\/uploads\/2022\/06\/ASSISTENZA-HOME2.jpeg",650,411,false],"qi_addons_for_elementor_image_size_landscape":["https:\/\/bincaffe.it\/wp-content\/uploads\/2022\/06\/ASSISTENZA-HOME2.jpeg",1027,650,false],"qi_addons_for_elementor_image_size_portrait":["https:\/\/bincaffe.it\/wp-content\/uploads\/2022\/06\/ASSISTENZA-HOME2.jpeg",650,411,false],"qi_addons_for_elementor_image_size_huge-square":["https:\/\/bincaffe.it\/wp-content\/uploads\/2022\/06\/ASSISTENZA-HOME2.jpeg",1300,822,false]},"uagb_author_info":{"display_name":"admin","author_link":"https:\/\/bincaffe.it\/de\/author\/bincaffe\/"},"uagb_comment_info":0,"uagb_excerpt":"EIN PR\u00c4ZISER UND P\u00dcNKTLICHER SERVICE Unter den absoluten Protagonisten der Kaffeer\u00f6sterei in den Regionen Treviso und Venetien steht die Marke Bin f\u00fcr h\u00f6chste Professionalit\u00e4t in der kostenlosen technischen Unterst\u00fctzung des Kunden.Probleml\u00f6ser-Fachkr\u00e4fte sind bundesweit unterwegs, um mit mobilen Werkst\u00e4tten schnellstm\u00f6gliche Reparaturen an Kaffeemaschinen, M\u00fchlen und Kaffeekannen zu gew\u00e4hrleisten.Die gesamte Ausr\u00fcstung der Maschinen wird durch Originalteile und&hellip;","_links":{"self":[{"href":"https:\/\/bincaffe.it\/de\/wp-json\/wp\/v2\/pages\/3933","targetHints":{"allow":["GET"]}}],"collection":[{"href":"https:\/\/bincaffe.it\/de\/wp-json\/wp\/v2\/pages"}],"about":[{"href":"https:\/\/bincaffe.it\/de\/wp-json\/wp\/v2\/types\/page"}],"author":[{"embeddable":true,"href":"https:\/\/bincaffe.it\/de\/wp-json\/wp\/v2\/users\/1"}],"replies":[{"embeddable":true,"href":"https:\/\/bincaffe.it\/de\/wp-json\/wp\/v2\/comments?post=3933"}],"version-history":[{"count":13,"href":"https:\/\/bincaffe.it\/de\/wp-json\/wp\/v2\/pages\/3933\/revisions"}],"predecessor-version":[{"id":4951,"href":"https:\/\/bincaffe.it\/de\/wp-json\/wp\/v2\/pages\/3933\/revisions\/4951"}],"wp:featuredmedia":[{"embeddable":true,"href":"https:\/\/bincaffe.it\/de\/wp-json\/wp\/v2\/media\/3756"}],"wp:attachment":[{"href":"https:\/\/bincaffe.it\/de\/wp-json\/wp\/v2\/media?parent=3933"}],"curies":[{"name":"wp","href":"https:\/\/api.w.org\/{rel}","templated":true}]}}